	{"id":2,"date":"2017-01-16T06:52:16","date_gmt":"2017-01-16T06:52:16","guid":{"rendered":"http:\/\/womjapan.com\/?page_id=2"},"modified":"2021-10-18T02:51:34","modified_gmt":"2021-10-18T02:51:34","slug":"mang-nhat-ban-den-voi-nguoi-viet","status":"publish","type":"page","link":"https:\/\/www.womjapan.com\/vn\/","title":{"rendered":"MANG NH\u1eacT B\u1ea2N \u0110\u1ebeN V\u1edaI NG\u01af\u1edcI VI\u1ec6T"},"content":{"rendered":"<p>\u0110\u1ed1i v\u1edbi v\u1ea5n \u0111\u1ec1 \u0111\u1ea7u ti\u00ean c\u1ee7a WOM Nh\u1eadt B\u1ea3n, ch\u00fang t\u00f4i s\u1ebd \u0111\u01b0a \u0111\u1ed9c gi\u1ea3 \u0111\u1ebfn du l\u1ecbch \u0111\u1ebfn t\u1ec9nh Akita. Bi\u1ebft Akita \u1edf m\u1ed9t kh\u00eda c\u1ea1nh kh\u00e1c \u0110\u1ea3m b\u1ea3o r\u1eb1ng t\u1ec9nh n\u00e0y kh\u00f4ng ch\u1ec9 t\u1ed1t cho c\u00e1c nh\u00e0 lai t\u1ea1o Akita. Sau \u0111\u00f3 ti\u1ebfp t\u1ee5c \u0111\u1ebfn Kanazawa ho\u1eb7c th\u01b0\u1edfng th\u1ee9c c\u00e1c qu\u00e1n c\u00e0 ph\u00ea hip-hop \u1edf Tokyo. K\u1ebft th\u00fac b\u1eb1ng c\u00e1ch nu\u00f4ng chi\u1ec1u c\u00e1c c\u00f4 g\u00e1i v\u1edbi c\u1eadp nh\u1eadt xu h\u01b0\u1edbng m\u1ef9 ph\u1ea9m V\u00e0 nhi\u1ec1u c\u1ed9t kh\u00e1c<\/p>\n","protected":false},"excerpt":{"rendered":"<p>\u0110\u1ed1i v\u1edbi v\u1ea5n \u0111\u1ec1 \u0111\u1ea7u ti\u00ean c\u1ee7a WOM Nh\u1eadt B\u1ea3n, ch\u00fang t\u00f4i s\u1ebd \u0111\u01b0a \u0111\u1ed9c gi\u1ea3 \u0111\u1ebfn du l\u1ecbch \u0111\u1ebfn t\u1ec9nh Akita. Bi\u1ebft Akita \u1edf m\u1ed9t kh\u00eda c\u1ea1nh kh\u00e1c \u0110\u1ea3m b\u1ea3o r\u1eb1ng t\u1ec9nh n\u00e0y kh\u00f4ng ch\u1ec9 t\u1ed1t cho c\u00e1c nh\u00e0 <a href=\"https:\/\/www.womjapan.com\/vn\/\"><\/p>\n<div class=\"read-more\">\n<p>Read more &#8250;<\/p>\n<\/div>\n<p><!-- end of .read-more --><\/a><\/p>\n","protected":false},"author":1,"featured_media":880,"parent":0,"menu_order":0,"comment_status":"closed","ping_status":"open","template":"template-homepage.php","meta":{"footnotes":""},"categories":[],"coauthors":[3],"_links":{"self":[{"href":"https:\/\/www.womjapan.com\/vn\/wp-json\/wp\/v2\/pages\/2"}],"collection":[{"href":"https:\/\/www.womjapan.com\/vn\/wp-json\/wp\/v2\/pages"}],"about":[{"href":"https:\/\/www.womjapan.com\/vn\/wp-json\/wp\/v2\/types\/page"}],"author":[{"embeddable":true,"href":"https:\/\/www.womjapan.com\/vn\/wp-json\/wp\/v2\/users\/1"}],"replies":[{"embeddable":true,"href":"https:\/\/www.womjapan.com\/vn\/wp-json\/wp\/v2\/comments?post=2"}],"version-history":[{"count":0,"href":"https:\/\/www.womjapan.com\/vn\/wp-json\/wp\/v2\/pages\/2\/revisions"}],"wp:featuredmedia":[{"embeddable":true,"href":"https:\/\/www.womjapan.com\/vn\/wp-json\/"}],"wp:attachment":[{"href":"https:\/\/www.womjapan.com\/vn\/wp-json\/wp\/v2\/media?parent=2"}],"wp:term":[{"taxonomy":"category","embeddable":true,"href":"https:\/\/www.womjapan.com\/vn\/wp-json\/wp\/v2\/categories?post=2"},{"taxonomy":"author","embeddable":true,"href":"https:\/\/www.womjapan.com\/vn\/wp-json\/wp\/v2\/coauthors?post=2"}],"curies":[{"name":"wp","href":"https:\/\/api.w.org\/{rel}","templated":true}]}}